{"id":45259,"date":"2025-06-27T23:31:15","date_gmt":"2025-06-27T20:31:15","guid":{"rendered":"https:\/\/ark-touring.com\/hedefler\/"},"modified":"2025-11-20T21:28:26","modified_gmt":"2025-11-20T18:28:26","slug":"hedefler","status":"publish","type":"page","link":"https:\/\/ark-touring.com\/tr\/hedefler\/","title":{"rendered":"Hedefler"},"content":{"rendered":"\t\t<div data-elementor-type=\"wp-page\" data-elementor-id=\"45259\" class=\"elementor elementor-45259 elementor-11255\">\n\t\t\t\t<div class=\"elementor-element elementor-element-7a9a4fb e-con-full e-flex e-con e-parent\" data-id=\"7a9a4fb\" data-element_type=\"container\" data-e-type=\"container\" data-settings=\"{&quot;background_background&quot;:&quot;classic&quot;}\">\n\t\t<div class=\"elementor-element elementor-element-95ca45b e-con-full e-flex e-con e-child\" data-id=\"95ca45b\" data-element_type=\"container\" data-e-type=\"container\" data-settings=\"{&quot;background_background&quot;:&quot;classic&quot;}\">\n\t\t\t\t<div class=\"elementor-element elementor-element-7832e8b elementor-absolute e-transform elementor-widget elementor-widget-heading\" data-id=\"7832e8b\" data-element_type=\"widget\" data-e-type=\"widget\" data-settings=\"{&quot;_position&quot;:&quot;absolute&quot;,&quot;_transform_translateX_effect_mobile&quot;:{&quot;unit&quot;:&quot;px&quot;,&quot;size&quot;:-30,&quot;sizes&quot;:[]},&quot;_transform_translateY_effect_mobile&quot;:{&quot;unit&quot;:&quot;px&quot;,&quot;size&quot;:-15,&quot;sizes&quot;:[]},&quot;_transform_translateX_effect_tablet&quot;:{&quot;unit&quot;:&quot;px&quot;,&quot;size&quot;:-148,&quot;sizes&quot;:[]},&quot;_transform_translateX_effect&quot;:{&quot;unit&quot;:&quot;px&quot;,&quot;size&quot;:&quot;&quot;,&quot;sizes&quot;:[]},&quot;_transform_translateY_effect&quot;:{&quot;unit&quot;:&quot;px&quot;,&quot;size&quot;:&quot;&quot;,&quot;sizes&quot;:[]},&quot;_transform_translateY_effect_tablet&quot;:{&quot;unit&quot;:&quot;px&quot;,&quot;size&quot;:&quot;&quot;,&quot;sizes&quot;:[]}}\" data-widget_type=\"heading.default\">\n\t\t\t\t<div class=\"elementor-widget-container\">\n\t\t\t\t\t<h2 class=\"elementor-heading-title elementor-size-default\">HEDEFLER\u0130M\u0130Z<\/h2>\t\t\t\t<\/div>\n\t\t\t\t<\/div>\n\t\t\t\t<div class=\"elementor-element elementor-element-ab21008 elementor-widget__width-initial elementor-absolute elementor-widget-mobile__width-initial e-transform elementor-widget elementor-widget-text-editor\" data-id=\"ab21008\" data-element_type=\"widget\" data-e-type=\"widget\" data-settings=\"{&quot;_position&quot;:&quot;absolute&quot;,&quot;_transform_translateX_effect_mobile&quot;:{&quot;unit&quot;:&quot;px&quot;,&quot;size&quot;:0,&quot;sizes&quot;:[]},&quot;_transform_translateX_effect_tablet&quot;:{&quot;unit&quot;:&quot;px&quot;,&quot;size&quot;:-148,&quot;sizes&quot;:[]},&quot;_transform_translateX_effect&quot;:{&quot;unit&quot;:&quot;px&quot;,&quot;size&quot;:&quot;&quot;,&quot;sizes&quot;:[]},&quot;_transform_translateY_effect&quot;:{&quot;unit&quot;:&quot;px&quot;,&quot;size&quot;:&quot;&quot;,&quot;sizes&quot;:[]},&quot;_transform_translateY_effect_tablet&quot;:{&quot;unit&quot;:&quot;px&quot;,&quot;size&quot;:&quot;&quot;,&quot;sizes&quot;:[]},&quot;_transform_translateY_effect_mobile&quot;:{&quot;unit&quot;:&quot;px&quot;,&quot;size&quot;:&quot;&quot;,&quot;sizes&quot;:[]}}\" data-widget_type=\"text-editor.default\">\n\t\t\t\t<div class=\"elementor-widget-container\">\n\t\t\t\t\t\t\t\t\t<h6>Krall\u0131\u011f\u0131 Ke\u015ffedin<\/h6>\t\t\t\t\t\t\t\t<\/div>\n\t\t\t\t<\/div>\n\t\t\t\t<\/div>\n\t\t\t\t<\/div>\n\t\t<div class=\"elementor-element elementor-element-7f266c1 e-flex e-con-boxed e-con e-parent\" data-id=\"7f266c1\" data-element_type=\"container\" data-e-type=\"container\">\n\t\t\t\t\t<div class=\"e-con-inner\">\n\t\t\t\t<div class=\"elementor-element elementor-element-a6b50da elementor-widget elementor-widget-heading\" data-id=\"a6b50da\" data-element_type=\"widget\" data-e-type=\"widget\" data-widget_type=\"heading.default\">\n\t\t\t\t<div class=\"elementor-widget-container\">\n\t\t\t\t\t<h2 class=\"elementor-heading-title elementor-size-default\">En \u0130yi Destinasyonlar<\/h2>\t\t\t\t<\/div>\n\t\t\t\t<\/div>\n\t\t\t\t<div class=\"elementor-element elementor-element-157d869 elementor-widget elementor-widget-st_destination\" data-id=\"157d869\" data-element_type=\"widget\" data-e-type=\"widget\" data-settings=\"{&quot;layout_style&quot;:&quot;normal&quot;}\" data-widget_type=\"st_destination.default\">\n\t\t\t\t<div class=\"elementor-widget-container\">\n\t\t\t\t\t    <div class=\"row st-list-destination normal middle normal\">\r\n                <div class=\"col-12 col-sm-6 col-md-6 col-lg-4 col-xl-4 normal-item\">\r\n                <div class=\"destination-item\">\r\n                    <div class=\"image st-border-radius\">\r\n                                                <a class=\"st-link\" href=\"https:\/\/ark-touring.com\/tr\/st_location\/abha\/\">\r\n                            <img decoding=\"async\" src=\"https:\/\/ark-touring.com\/wp-content\/uploads\/2025\/07\/ABHAbo-Sarrah-Palaces2-e1753752857698.jpg\" alt = \"Abha\"\r\n                                    class=\"img-responsive\">\r\n                        <\/a>\r\n                        <div class=\"content\">\r\n                            <h3 class=\"title\">\r\n                                <a href=\"https:\/\/ark-touring.com\/tr\/st_location\/abha\/\">\r\n                                    Abha                                <\/a>\r\n                            <\/h3>\r\n                            <div class=\"desc d-flex align-items-center justify-content-center flex-wrap multi\"><a href=\"https:\/\/ark-touring.com\/activity-search\/?location_name=Abha&#038;location_id=45221\">1 Activity<\/a><a href=\"https:\/\/ark-touring.com\/car-search\/?location_name=Abha&#038;location_id=45221\">9 Cars<\/a><a href=\"https:\/\/ark-touring.com\/hotels\/?location_name=Abha&#038;location_id=45221\">6 Hotels<\/a><a href=\"https:\/\/ark-touring.com\/tour-search\/?location_name=Abha&#038;location_id=45221\">6 Tours<\/a><\/div>                        <\/div>\r\n                    <\/div>\r\n                <\/div>\r\n            <\/div>\r\n                        <div class=\"col-12 col-sm-6 col-md-6 col-lg-4 col-xl-4 normal-item\">\r\n                <div class=\"destination-item\">\r\n                    <div class=\"image st-border-radius\">\r\n                                                <a class=\"st-link\" href=\"https:\/\/ark-touring.com\/tr\/st_location\/necran\/\">\r\n                            <img decoding=\"async\" src=\"https:\/\/ark-touring.com\/wp-content\/uploads\/2025\/07\/Najran-Al-Aan-Palace-_3-e1753750022353.jpg\" alt = \"Necran\"\r\n                                    class=\"img-responsive\">\r\n                        <\/a>\r\n                        <div class=\"content\">\r\n                            <h3 class=\"title\">\r\n                                <a href=\"https:\/\/ark-touring.com\/tr\/st_location\/necran\/\">\r\n                                    Necran                                <\/a>\r\n                            <\/h3>\r\n                            <div class=\"desc d-flex align-items-center justify-content-center flex-wrap multi\"><a href=\"https:\/\/ark-touring.com\/activity-search\/?location_name=Necran&#038;location_id=45489\">1 Activity<\/a><a href=\"https:\/\/ark-touring.com\/car-search\/?location_name=Necran&#038;location_id=45489\">9 Cars<\/a><a href=\"https:\/\/ark-touring.com\/hotels\/?location_name=Necran&#038;location_id=45489\">4 Hotels<\/a><a href=\"https:\/\/ark-touring.com\/tour-search\/?location_name=Necran&#038;location_id=45489\">6 Tours<\/a><\/div>                        <\/div>\r\n                    <\/div>\r\n                <\/div>\r\n            <\/div>\r\n                        <div class=\"col-12 col-sm-6 col-md-6 col-lg-4 col-xl-4 normal-item\">\r\n                <div class=\"destination-item\">\r\n                    <div class=\"image st-border-radius\">\r\n                                                <a class=\"st-link\" href=\"https:\/\/ark-touring.com\/tr\/st_location\/alahsa\/\">\r\n                            <img decoding=\"async\" src=\"https:\/\/ark-touring.com\/wp-content\/uploads\/2025\/07\/Hofuf-Palm-Oasis-_2.jpg\" alt = \"AlAhsa\"\r\n                                    class=\"img-responsive\">\r\n                        <\/a>\r\n                        <div class=\"content\">\r\n                            <h3 class=\"title\">\r\n                                <a href=\"https:\/\/ark-touring.com\/tr\/st_location\/alahsa\/\">\r\n                                    AlAhsa                                <\/a>\r\n                            <\/h3>\r\n                            <div class=\"desc d-flex align-items-center justify-content-center flex-wrap multi\"><a href=\"https:\/\/ark-touring.com\/car-search\/?location_name=AlAhsa&#038;location_id=45323\">9 Cars<\/a><a href=\"https:\/\/ark-touring.com\/hotels\/?location_name=AlAhsa&#038;location_id=45323\">5 Hotels<\/a><a href=\"https:\/\/ark-touring.com\/tour-search\/?location_name=AlAhsa&#038;location_id=45323\">2 Tours<\/a><\/div>                        <\/div>\r\n                    <\/div>\r\n                <\/div>\r\n            <\/div>\r\n                        <div class=\"col-12 col-sm-6 col-md-6 col-lg-4 col-xl-4 normal-item\">\r\n                <div class=\"destination-item\">\r\n                    <div class=\"image st-border-radius\">\r\n                                                <a class=\"st-link\" href=\"https:\/\/ark-touring.com\/tr\/st_location\/riyad\/\">\r\n                            <img decoding=\"async\" src=\"https:\/\/ark-touring.com\/wp-content\/uploads\/2025\/06\/Al-Masmak-Riyadh.jpg\" alt = \"Riyad\"\r\n                                    class=\"img-responsive\">\r\n                        <\/a>\r\n                        <div class=\"content\">\r\n                            <h3 class=\"title\">\r\n                                <a href=\"https:\/\/ark-touring.com\/tr\/st_location\/riyad\/\">\r\n                                    Riyad                                <\/a>\r\n                            <\/h3>\r\n                            <div class=\"desc d-flex align-items-center justify-content-center flex-wrap multi\"><a href=\"https:\/\/ark-touring.com\/activity-search\/?location_name=Riyad&#038;location_id=45495\">6 Activities<\/a><a href=\"https:\/\/ark-touring.com\/car-search\/?location_name=Riyad&#038;location_id=45495\">9 Cars<\/a><a href=\"https:\/\/ark-touring.com\/hotels\/?location_name=Riyad&#038;location_id=45495\">6 Hotels<\/a><a href=\"https:\/\/ark-touring.com\/tour-search\/?location_name=Riyad&#038;location_id=45495\">7 Tours<\/a><\/div>                        <\/div>\r\n                    <\/div>\r\n                <\/div>\r\n            <\/div>\r\n                        <div class=\"col-12 col-sm-6 col-md-6 col-lg-4 col-xl-4 normal-item\">\r\n                <div class=\"destination-item\">\r\n                    <div class=\"image st-border-radius\">\r\n                                                <a class=\"st-link\" href=\"https:\/\/ark-touring.com\/tr\/st_location\/tebuk\/\">\r\n                            <img decoding=\"async\" src=\"https:\/\/ark-touring.com\/wp-content\/uploads\/2025\/07\/Tabuk-Al-Moadham-Castle_2-e1754251082772.jpg\" alt = \"Teb\u00fck\"\r\n                                    class=\"img-responsive\">\r\n                        <\/a>\r\n                        <div class=\"content\">\r\n                            <h3 class=\"title\">\r\n                                <a href=\"https:\/\/ark-touring.com\/tr\/st_location\/tebuk\/\">\r\n                                    Teb\u00fck                                <\/a>\r\n                            <\/h3>\r\n                            <div class=\"desc d-flex align-items-center justify-content-center flex-wrap multi\"><a href=\"https:\/\/ark-touring.com\/activity-search\/?location_name=Teb\u00fck&#038;location_id=45512\">1 Activity<\/a><a href=\"https:\/\/ark-touring.com\/car-search\/?location_name=Teb\u00fck&#038;location_id=45512\">9 Cars<\/a><a href=\"https:\/\/ark-touring.com\/hotels\/?location_name=Teb\u00fck&#038;location_id=45512\">12 Hotels<\/a><a href=\"https:\/\/ark-touring.com\/tour-search\/?location_name=Teb\u00fck&#038;location_id=45512\">2 Tours<\/a><\/div>                        <\/div>\r\n                    <\/div>\r\n                <\/div>\r\n            <\/div>\r\n                        <div class=\"col-12 col-sm-6 col-md-6 col-lg-4 col-xl-4 normal-item\">\r\n                <div class=\"destination-item\">\r\n                    <div class=\"image st-border-radius\">\r\n                                                <a class=\"st-link\" href=\"https:\/\/ark-touring.com\/tr\/st_location\/cizan\/\">\r\n                            <img decoding=\"async\" src=\"https:\/\/ark-touring.com\/wp-content\/uploads\/2025\/07\/JAZFayfa-Mountains_05.jpg\" alt = \"Cizan\"\r\n                                    class=\"img-responsive\">\r\n                        <\/a>\r\n                        <div class=\"content\">\r\n                            <h3 class=\"title\">\r\n                                <a href=\"https:\/\/ark-touring.com\/tr\/st_location\/cizan\/\">\r\n                                    Cizan                                <\/a>\r\n                            <\/h3>\r\n                            <div class=\"desc d-flex align-items-center justify-content-center flex-wrap multi\"><a href=\"https:\/\/ark-touring.com\/activity-search\/?location_name=Cizan&#038;location_id=45460\">1 Activity<\/a><a href=\"https:\/\/ark-touring.com\/car-search\/?location_name=Cizan&#038;location_id=45460\">9 Cars<\/a><a href=\"https:\/\/ark-touring.com\/hotels\/?location_name=Cizan&#038;location_id=45460\">4 Hotels<\/a><a href=\"https:\/\/ark-touring.com\/tour-search\/?location_name=Cizan&#038;location_id=45460\">5 Tours<\/a><\/div>                        <\/div>\r\n                    <\/div>\r\n                <\/div>\r\n            <\/div>\r\n                        <div class=\"col-12 col-sm-6 col-md-6 col-lg-4 col-xl-4 normal-item\">\r\n                <div class=\"destination-item\">\r\n                    <div class=\"image st-border-radius\">\r\n                                                <a class=\"st-link\" href=\"https:\/\/ark-touring.com\/tr\/st_location\/sakaka\/\">\r\n                            <img decoding=\"async\" src=\"https:\/\/ark-touring.com\/wp-content\/uploads\/2025\/07\/Jouf-Zaabal-Castle-_6-e1754684569234.jpg\" alt = \"Sakaka\"\r\n                                    class=\"img-responsive\">\r\n                        <\/a>\r\n                        <div class=\"content\">\r\n                            <h3 class=\"title\">\r\n                                <a href=\"https:\/\/ark-touring.com\/tr\/st_location\/sakaka\/\">\r\n                                    Sakaka                                <\/a>\r\n                            <\/h3>\r\n                            <div class=\"desc d-flex align-items-center justify-content-center flex-wrap multi\"><a href=\"https:\/\/ark-touring.com\/car-search\/?location_name=Sakaka&#038;location_id=45508\">9 Cars<\/a><a href=\"https:\/\/ark-touring.com\/hotels\/?location_name=Sakaka&#038;location_id=45508\">4 Hotels<\/a><a href=\"https:\/\/ark-touring.com\/tour-search\/?location_name=Sakaka&#038;location_id=45508\">2 Tours<\/a><\/div>                        <\/div>\r\n                    <\/div>\r\n                <\/div>\r\n            <\/div>\r\n                        <div class=\"col-12 col-sm-6 col-md-6 col-lg-4 col-xl-4 normal-item\">\r\n                <div class=\"destination-item\">\r\n                    <div class=\"image st-border-radius\">\r\n                                                <a class=\"st-link\" href=\"https:\/\/ark-touring.com\/tr\/st_location\/elula\/\">\r\n                            <img decoding=\"async\" src=\"https:\/\/ark-touring.com\/wp-content\/uploads\/2025\/06\/Historic-AlUla.jpg\" alt = \"ElUla\"\r\n                                    class=\"img-responsive\">\r\n                        <\/a>\r\n                        <div class=\"content\">\r\n                            <h3 class=\"title\">\r\n                                <a href=\"https:\/\/ark-touring.com\/tr\/st_location\/elula\/\">\r\n                                    ElUla                                <\/a>\r\n                            <\/h3>\r\n                            <div class=\"desc d-flex align-items-center justify-content-center flex-wrap multi\"><a href=\"https:\/\/ark-touring.com\/activity-search\/?location_name=ElUla&#038;location_id=45448\">3 Activities<\/a><a href=\"https:\/\/ark-touring.com\/car-search\/?location_name=ElUla&#038;location_id=45448\">9 Cars<\/a><a href=\"https:\/\/ark-touring.com\/hotels\/?location_name=ElUla&#038;location_id=45448\">7 Hotels<\/a><a href=\"https:\/\/ark-touring.com\/tour-search\/?location_name=ElUla&#038;location_id=45448\">6 Tours<\/a><\/div>                        <\/div>\r\n                    <\/div>\r\n                <\/div>\r\n            <\/div>\r\n                        <div class=\"col-12 col-sm-6 col-md-6 col-lg-4 col-xl-4 normal-item\">\r\n                <div class=\"destination-item\">\r\n                    <div class=\"image st-border-radius\">\r\n                                                <a class=\"st-link\" href=\"https:\/\/ark-touring.com\/tr\/st_location\/cidde\/\">\r\n                            <img decoding=\"async\" src=\"https:\/\/ark-touring.com\/wp-content\/uploads\/2025\/07\/Jeddah-Floating-Mosque-_2.png\" alt = \"Cidde\"\r\n                                    class=\"img-responsive\">\r\n                        <\/a>\r\n                        <div class=\"content\">\r\n                            <h3 class=\"title\">\r\n                                <a href=\"https:\/\/ark-touring.com\/tr\/st_location\/cidde\/\">\r\n                                    Cidde                                <\/a>\r\n                            <\/h3>\r\n                            <div class=\"desc d-flex align-items-center justify-content-center flex-wrap multi\"><a href=\"https:\/\/ark-touring.com\/activity-search\/?location_name=Cidde&#038;location_id=45483\">8 Activities<\/a><a href=\"https:\/\/ark-touring.com\/car-search\/?location_name=Cidde&#038;location_id=45483\">9 Cars<\/a><a href=\"https:\/\/ark-touring.com\/hotels\/?location_name=Cidde&#038;location_id=45483\">8 Hotels<\/a><a href=\"https:\/\/ark-touring.com\/tour-search\/?location_name=Cidde&#038;location_id=45483\">11 Tours<\/a><\/div>                        <\/div>\r\n                    <\/div>\r\n                <\/div>\r\n            <\/div>\r\n                <\/div>\t\t\t\t<\/div>\n\t\t\t\t<\/div>\n\t\t\t\t\t<\/div>\n\t\t\t\t<\/div>\n\t\t\t\t<\/div>\n\t\t","protected":false},"excerpt":{"rendered":"<p>HEDEFLER\u0130M\u0130Z Krall\u0131\u011f\u0131 Ke\u015ffedin En \u0130yi Destinasyonlar Abha 1 Activity9 Cars6 Hotels6 Tours Najran 1 Activity9 Cars4 Hotels6 Tours AlAhsa 9 Cars5 Hotels2 Tours Riyadh 6 Activities9 Cars6 Hotels7 Tours Tabuk 1 Activity9 Cars12 Hotels2 Tours Jazan 1 Activity9 Cars4 Hotels5 Tours Sakaka Sakaka 9 Cars4 Hotels2 Tours AlUla 3 Activities9 Cars7 Hotels6 Tours Jeddah 8 [&hellip;]<\/p>\n","protected":false},"author":1,"featured_media":44445,"parent":0,"menu_order":0,"comment_status":"closed","ping_status":"closed","template":"template-blank.php","meta":{"_monsterinsights_skip_tracking":false,"_monsterinsights_sitenote_active":false,"_monsterinsights_sitenote_note":"","_monsterinsights_sitenote_category":0,"footnotes":""},"class_list":["post-45259","page","type-page","status-publish","has-post-thumbnail","hentry"],"_links":{"self":[{"href":"https:\/\/ark-touring.com\/tr\/wp-json\/wp\/v2\/pages\/45259","targetHints":{"allow":["GET"]}}],"collection":[{"href":"https:\/\/ark-touring.com\/tr\/wp-json\/wp\/v2\/pages"}],"about":[{"href":"https:\/\/ark-touring.com\/tr\/wp-json\/wp\/v2\/types\/page"}],"author":[{"embeddable":true,"href":"https:\/\/ark-touring.com\/tr\/wp-json\/wp\/v2\/users\/1"}],"replies":[{"embeddable":true,"href":"https:\/\/ark-touring.com\/tr\/wp-json\/wp\/v2\/comments?post=45259"}],"version-history":[{"count":0,"href":"https:\/\/ark-touring.com\/tr\/wp-json\/wp\/v2\/pages\/45259\/revisions"}],"wp:featuredmedia":[{"embeddable":true,"href":"https:\/\/ark-touring.com\/tr\/wp-json\/wp\/v2\/media\/44445"}],"wp:attachment":[{"href":"https:\/\/ark-touring.com\/tr\/wp-json\/wp\/v2\/media?parent=45259"}],"curies":[{"name":"wp","href":"https:\/\/api.w.org\/{rel}","templated":true}]}}